{"id":922,"date":"2024-12-21T14:03:19","date_gmt":"2024-12-21T14:03:19","guid":{"rendered":"https:\/\/cm-mullon.fr\/?page_id=922"},"modified":"2025-02-12T17:49:15","modified_gmt":"2025-02-12T17:49:15","slug":"modeliser","status":"publish","type":"page","link":"https:\/\/cm-mullon.fr\/index.php\/essais\/modeliser\/","title":{"rendered":"Mod\u00e9liser?"},"content":{"rendered":"\n<p>Voici plusieurs textes sur la question de mod\u00e9lisation math\u00e9matique des ph\u00e9nom\u00e8nes naturels. C&rsquo;est une une question \u00e0 laquelle j&rsquo;ai \u00e9t\u00e9 confront\u00e9 lors de mes \u00e9tudes et de ma vie professionnelle.<\/p>\n\n\n\n<p>En 1977, je n&rsquo;avais \u00e9tudi\u00e9 que des math\u00e9matiques pures comme la th\u00e9orie des nombres et l&rsquo;analyse fonctionnelle. C&rsquo;est alors que j&rsquo;ai entrepris un troisi\u00e8me cycle de statistiques, plus pr\u00e9cis\u00e9ment d&rsquo;analyse des donn\u00e9es. Jean-Paul Benzecri qui en \u00e9tait l&rsquo;enseignant principal recommandait de favoriser, sans a priori les analyses des observations que l&rsquo;on produit en \u00e9conomie, linguistique ou biologie et critiquait (c&rsquo;est un euph\u00e9misme) les mod\u00e8les math\u00e9matiques que l&rsquo;on y d\u00e9veloppe. J&rsquo;ai totalement adh\u00e9r\u00e9 \u00e0 cette position.<\/p>\n\n\n\n<p>Lorsque j&rsquo;ai obtenu une position dans un institut d\u00e9veloppant des recherches appliqu\u00e9es en sciences naturelles et en science humaines, c&rsquo;\u00e9tait principalement pour mettre en oeuvre mes comp\u00e9tences en analyse de donn\u00e9es.<\/p>\n\n\n\n<p>Au fur et \u00e0 mesure des projets de recherche auxquels j&rsquo;ai \u00e9t\u00e9 associ\u00e9, l&rsquo;option de la mod\u00e9lisation s&rsquo;est repos\u00e9e tr\u00e8s concr\u00e8tement et je n&rsquo;en ai pas rejet\u00e9 d&#8217;embl\u00e9e la possibilit\u00e9 de la pratique. Comme les abb\u00e9s de cour du XVII-i\u00e8me, je ne croyais pas, mais je pratiquais. Mais cela, sans aucune d\u00e9sinvolture.<\/p>\n\n\n\n<p>Les textes qui suivent ont \u00e9t\u00e9 produits dans ce cadre. <\/p>\n\n\n\n<p><strong>Rh\u00e9torique et mod\u00e9lisation<\/strong><\/p>\n\n\n\n<p>Ce premier texte porte sur la fa\u00e7on dont la publication d&rsquo;un mod\u00e8le peut servir \u00e0 convaincre?<\/p>\n\n\n\n\n\n<p><strong>Une poup\u00e9e, un fouet et quelques \u00e9pingles<\/strong><\/p>\n\n\n\n<p>Il y a dans la croyance que les mod\u00e8les sont ad\u00e9quats quelque chose qui rel\u00e8ve de la magie. Et la magie est tr\u00e8s pr\u00e9sente.<\/p>\n\n\n\n\n\n<p><strong>La nature est-elle \u00e9crite en langage math\u00e9matique<\/strong><\/p>\n\n\n\n<p>Ce texte fait le point.<\/p>\n\n\n\n\n\n<p><strong>Observatoires<\/strong><\/p>\n\n\n\n<p>Donn\u00e9es et conviction.<\/p>\n\n\n","protected":false},"excerpt":{"rendered":"<p>Voici plusieurs textes sur la question de mod\u00e9lisation math\u00e9matique des ph\u00e9nom\u00e8nes naturels. C&rsquo;est une une question \u00e0 laquelle j&rsquo;ai \u00e9t\u00e9 confront\u00e9 lors de mes \u00e9tudes et de ma vie professionnelle. En 1977, je n&rsquo;avais \u00e9tudi\u00e9 que des math\u00e9matiques pures comme la th\u00e9orie des nombres et l&rsquo;analyse fonctionnelle. C&rsquo;est alors que j&rsquo;ai entrepris un troisi\u00e8me cycle &#8230; <a title=\"Mod\u00e9liser?\" class=\"read-more\" href=\"https:\/\/cm-mullon.fr\/index.php\/essais\/modeliser\/\" aria-label=\"En savoir plus sur Mod\u00e9liser?\">Lire la suite<\/a><\/p>\n","protected":false},"author":1,"featured_media":0,"parent":1029,"menu_order":24,"comment_status":"closed","ping_status":"closed","template":"","meta":{"footnotes":""},"class_list":["post-922","page","type-page","status-publish"],"_links":{"self":[{"href":"https:\/\/cm-mullon.fr\/index.php\/wp-json\/wp\/v2\/pages\/922","targetHints":{"allow":["GET"]}}],"collection":[{"href":"https:\/\/cm-mullon.fr\/index.php\/wp-json\/wp\/v2\/pages"}],"about":[{"href":"https:\/\/cm-mullon.fr\/index.php\/wp-json\/wp\/v2\/types\/page"}],"author":[{"embeddable":true,"href":"https:\/\/cm-mullon.fr\/index.php\/wp-json\/wp\/v2\/users\/1"}],"replies":[{"embeddable":true,"href":"https:\/\/cm-mullon.fr\/index.php\/wp-json\/wp\/v2\/comments?post=922"}],"version-history":[{"count":11,"href":"https:\/\/cm-mullon.fr\/index.php\/wp-json\/wp\/v2\/pages\/922\/revisions"}],"predecessor-version":[{"id":981,"href":"https:\/\/cm-mullon.fr\/index.php\/wp-json\/wp\/v2\/pages\/922\/revisions\/981"}],"up":[{"embeddable":true,"href":"https:\/\/cm-mullon.fr\/index.php\/wp-json\/wp\/v2\/pages\/1029"}],"wp:attachment":[{"href":"https:\/\/cm-mullon.fr\/index.php\/wp-json\/wp\/v2\/media?parent=922"}],"curies":[{"name":"wp","href":"https:\/\/api.w.org\/{rel}","templated":true}]}}